{"id":799,"date":"2018-05-03T14:20:40","date_gmt":"2018-05-03T14:20:40","guid":{"rendered":"http:\/\/fiorello.mikado-themes.com\/?page_id=799"},"modified":"2021-08-13T13:41:55","modified_gmt":"2021-08-13T13:41:55","slug":"zahlung","status":"publish","type":"page","link":"https:\/\/www.blumen-maja.com\/index.php\/zahlung\/","title":{"rendered":"Liefer- und Zahlungsbedingungen (AGB\u00b4s)"},"content":{"rendered":"<p>[vc_row anchor=&#8220;magnificence&#8220;][vc_column width=&#8220;1\/12&#8243; offset=&#8220;vc_hidden-md vc_hidden-sm vc_hidden-xs&#8220;][\/vc_column][vc_column offset=&#8220;vc_col-lg-11 vc_col-md-12 vc_col-xs-12&#8243;][vc_empty_space height=&#8220;55px&#8220;][vc_column_text]<strong>Allgemeine Gesch\u00e4fts- und Lieferbedingungen der Florist-Fachgesch\u00e4fte<\/strong><\/p>\n<p>Die Allgemeinen Gesch\u00e4ftsbedingungen, g\u00fcltig f\u00fcr Blumen-Maja, Freiburg.<\/p>\n<p><strong>\u00a7<\/strong><strong>1 Geltung der Bedingung<\/strong><\/p>\n<p>Lieferungen, Leistungen und Angebote von Blumen-Maja erfolgen ausschlie\u00dflich aufgrund der vorliegenden Gesch\u00e4ftsbedingungen. Abweichende Gesch\u00e4ftsbedingungen der Kunden werden nicht anerkannt.<\/p>\n<p><strong>\u00a7<\/strong><strong>2 Vertragsabschluss<\/strong><\/p>\n<p>Werden schriftliche Angebote von Blumen-Maja abgegeben, so k\u00f6nnen diese nur innerhalb der darin ausdr\u00fccklich vermerkten Zeit angenommen werden. Abweichungen des Vertrages vom Angebot, \u00c4nderungen und Nebenabreden bed\u00fcrfen der Schriftform.<\/p>\n<p><strong>\u00a7<\/strong><strong>3 Preise<\/strong><\/p>\n<p>(1) Die Preise von Blumen-Maja verstehen sich gegen\u00fcber Verbrauchern einschlie\u00dflich der g\u00fcltigen Umsatzsteuer. Zusatzleistungen, die \u00fcber den eigentlichen Pflanzen- und Blumenverkauf hinausgehen, sind gesondert zu verg\u00fcten. Dazu geh\u00f6ren insbesondere Anlieferungen, Versand, Extrabeiwerk, Sonderverpackungen, Karten, \u00c4nderungen von Gebinden, Materialien, Arrangieren an drittem Ort.<\/p>\n<p>(2) Liegen zwischen der Bestellung und der Lieferung mehr als vier Monate, bleibt eine Preisanpassung durch Blumen-Maja entsprechend den zwischenzeitlich ge\u00e4nderten Marktpreisen (Einkaufspreisen) vorbehalten, wenn genau bestimmte Blumen oder Pflanzen Gegenstand des Vertrages sind. Blumen-Maja kann einen h\u00f6heren als den urspr\u00fcnglich vereinbarten Preis nur dann fordern, wenn es den Kunden sp\u00e4testens 10 Tage vor Lieferung \u00fcber die Preisanpassung informiert.<\/p>\n<p>(3) Erh\u00f6ht sich der Preis im Fall des Abs. 2 gegen\u00fcber dem Zeitpunkt der Bestellung um mehr als 10%, ist der Kunde berechtigt, binnen drei Tagen nach Empfang der Information \u00fcber die Preiserh\u00f6hung vom Vertrag zur\u00fcckzutreten.<\/p>\n<p><strong>\u00a7<\/strong><strong>4 F\u00e4lligkeit<\/strong><\/p>\n<p>Die Lieferungen von Blumen-Maja sind bei \u00dcbergabe der Ware bar zu verg\u00fcten, sofern nicht etwas anderes vereinbart ist. Schecks werden nur erf\u00fcllungshalber angenommen.<\/p>\n<p><strong>\u00a7<\/strong><strong>5 Stornierung von Auftr\u00e4gen<\/strong><\/p>\n<p>(1) Die Stornierung von Auftr\u00e4gen bedarf der Schriftform.<\/p>\n<p>(2) Im Falle der Stornierung eines Auftrages durch den Kunden hat Blumen-Maja gegen\u00fcber dem Kunden Anspruch auf folgende pauschale Verg\u00fctung, sofern die Stornierung nicht durch Blumen-Maja zu vertreten ist:<br \/>\nK\u00fcndigung bis 4 Wochen vor dem vereinbarten Liefertermin: 10% des vereinbarten Entgelts,<br \/>\nK\u00fcndigung bis 2 Wochen vor dem vereinbarten Liefertermin: 25% des vereinbarten Entgelts,<br \/>\nK\u00fcndigung bis 1 Woche vor dem vereinbarten Liefertermin: 50% des vereinbarten Entgelts,<br \/>\nK\u00fcndigung bis 3 Tage vor dem vereinbarten Liefertermin: 75% des vereinbarten Entgelts,<br \/>\ndanach: 100% des vereinbarten Entgelts.<\/p>\n<p>Der Anspruch von Blumen-Maja auf Ersatz eines weitergehenden Schadens ist dadurch nicht ausgeschlossen.<\/p>\n<p>(3) Der Anspruch auf die pauschale Verg\u00fctung nach Abs. 2 besteht nicht, soweit der Kunde nachweist, dass Blumen-Maja durch die Stornierung des Auftrages kein Schaden oder ein wesentlich niedrigerer Schaden als die pauschale Verg\u00fctung entstanden ist.<\/p>\n<p>(4) Die Abs. 2 und 3 gelten auch f\u00fcr den Fall der K\u00fcndigung aus wichtigem Grund durch Blumen-Maja.<\/p>\n<p><strong>\u00a76<\/strong><strong>\u00a0Lieferung und Gefahrtragung<\/strong><\/p>\n<p>(1) Die Lieferung erfolgt ab Sitz von Blumen-Maja. Im Falle einer abweichenden Vereinbarung erfolgt der Transport zum Bestimmungsort auf Kosten und Gefahr des Kunden. Die Lieferung geht mit der \u00dcbergabe bzw. der Versendung auf den Kunden \u00fcber, und zwar auch dann, wenn der Verk\u00e4ufer den Transport mit eigenen Fahrzeugen oder sonstigen Beauftragten vornimmt. Eine Transportversicherung wird seitens des Verk\u00e4ufers nur auf Vereinbarung mit dem Kunden abgeschlossen.<\/p>\n<p>(2) Abs. 1 gilt nicht, wenn Blumen-Maja aufgrund des Vertrages zur Erf\u00fcllung weiterer Leistungen am Bestimmungsort verpflichtet ist. In diesem Fall ist der Kunde verpflichtet, die Ware am vereinbarten Tag selbst abzunehmen oder zumindest f\u00fcr die Abnahme der Ware anderweitig Sorge zu tragen.<\/p>\n<p>(3) Mit der \u00dcbergabe der Ware geht die Gefahr des zuf\u00e4lligen Untergangs und der zuf\u00e4lligen Verschlechterung auf den K\u00e4ufer \u00fcber. Der \u00dcbergabe steht es gleich, wenn der K\u00e4ufer mit der Annahme in Verzug ist.<\/p>\n<p>(4) Lieferfristen sind unverbindlich, es sei denn sie sind ausdr\u00fccklich als verbindlich bezeichnet. Befindet sich der Kunde mit seiner Zahlungsverpflichtung in Verzug oder liegen sonstige Umst\u00e4nde vor, die nicht vom Verk\u00e4ufer zu vertreten sind, kann die Einhaltung der Lieferfrist nicht verlangt werden.<\/p>\n<p>(5) 7 Tage nach Ablauf der unverbindlichen Lieferfrist kann der Kunde den Verk\u00e4ufer schriftlich auffordern, binnen einer angemessenen Frist zu liefern. Wird auch dieser Termin \u00fcberschritten, ist der Kunde berechtigt, eine angemessene Nachfrist zu setzen und bei erfolglosem Ablauf der Nachfrist vom Kaufvertrag zur\u00fcckzutreten.<\/p>\n<p>(6) Blumen-Maja haftet bei unvollst\u00e4ndiger oder falscher Angabe der Lieferanschrift nur bei grober Fahrl\u00e4ssigkeit oder Vorsatz.<\/p>\n<p><strong>\u00a7<\/strong><strong>7 Miete und Leihe<\/strong><\/p>\n<p>(1) Waren, die nicht vom Kunden gekauft werden und daher beim Kunden verbleiben, werden dem Kunden insbesondere f\u00fcr Veranstaltungen entweder zur Miete oder leihweise vor\u00fcbergehend \u00fcberlassen und bleiben im Eigentum von Blumen-Maja. Diese Gegenst\u00e4nde sind vom Kunden sorgf\u00e4ltig zu behandeln und dem Florist-Fachgesch\u00e4ft nach Ende der Veranstaltung umgehend zur\u00fcckzugeben.<\/p>\n<p>(2) Bei Verlust, Besch\u00e4digung oder Zerst\u00f6rung vor\u00fcbergehend \u00fcberlassener Gegenst\u00e4nde ist der Kunde zum vollen Ersatz in H\u00f6he der Wiederbeschaffungs- oder Wiederherstellungskosten verpflichtet.<\/p>\n<p><strong>\u00a7<\/strong><strong>8 Gew\u00e4hrleistung<\/strong><\/p>\n<p>(1) Blumen sind Naturprodukte. Hat der Kunde Waren vorausbestellt, so k\u00f6nnen die gelieferten Blumen und Pflanzen in Struktur und Farbe daher gegen\u00fcber den besichtigten Blumen und Pflanzen abweichen, soweit dies handels\u00fcblich ist und wenn nicht ausdr\u00fccklich eine spezielle Vereinbarung \u00fcber Sorte und\/oder Farbe der Blumen und Pflanzen getroffen wurde. Produktbeschreibungen sind nicht als Zusicherung einer bestimmten Eigenschaft oder als Garantie zu verstehen.<\/p>\n<p>(2) Die Auswahl der gelieferten Waren erfolgt ausschlie\u00dflich durch Blumen-Maja, wenn nicht ausdr\u00fccklich eine spezielle Vereinbarung \u00fcber Sorte und\/oder Farbe der Blumen und Pflanzen getroffen wurde.<\/p>\n<p>(3) Sofern der Kunde Unternehmer oder eine juristische Person des \u00f6ffentlichen Rechts ist, ist er verpflichtet, die Ware unverz\u00fcglich nach Lieferung zu pr\u00fcfen und M\u00e4ngel umgehend, sp\u00e4testens aber binnen 24 Stunden nach Lieferung, mitzuteilen, um eine Nacherf\u00fcllung zu erm\u00f6glichen. Der Mitteilung ist nach M\u00f6glichkeit ein Nachweis, insbesondere durch Fotos, anzuf\u00fcgen.<\/p>\n<p>(4) Die Gew\u00e4hrleistung ist ausgeschlossen, wenn M\u00e4ngel an der gelieferten Ware auf deren nat\u00fcrliche Beschaffenheit, auf nat\u00fcrliche Abnutzung oder auf unsachgem\u00e4\u00dfe Behandlung, z.B. durch Trockenheit oder starke Erw\u00e4rmung, zur\u00fcckzuf\u00fchren sind.<\/p>\n<p>(5) Ist die gelieferte Ware mangelhaft, kann der K\u00e4ufer nach seiner Wahl Nacherf\u00fcllung in Form der Beseitigung des Mangels (Nachbesserung) oder der Lieferung mangelfreier Ware (Ersatzlieferung) verlangen. Blumen-Maja kann die vom K\u00e4ufer gew\u00e4hlte Art der Nacherf\u00fcllung verweigern, wenn sie nur mit unverh\u00e4ltnism\u00e4\u00dfigen Kosten m\u00f6glich ist. Der Anspruch des K\u00e4ufers beschr\u00e4nkt sich in diesem Fall auf die andere Art der Nacherf\u00fcllung. Das Recht von Blumen-Maja, auch diese zu verweigern, sofern sie nur mit unverh\u00e4ltnism\u00e4\u00dfigen Kosten m\u00f6glich ist, bleibt unber\u00fchrt.<\/p>\n<p>(6) Eine Nachbesserung gilt nach dem erfolglosen zweiten Versuch als fehlgeschlagen. Bei Fehlschlagen von Nachbesserung oder Ersatzlieferung ist der K\u00e4ufer berechtigt, nach seiner Wahl Herabsetzung des Kaufpreises zu verlangen oder vom Vertrag zur\u00fcckzutreten. Bei Zahlung mit einer Kreditkarte, Paypal, \u00dcberweisungl erfolgt keine Bargeldauszahlung, sondern eine R\u00fcckbuchung bei dem entsprechenden Unternehmen.<\/p>\n<p><strong>\u00a7<\/strong><strong>9 Haftung<\/strong><\/p>\n<p>(1) Die Haftung von Blumen-Maja wird auf die F\u00e4lle des Vorsatzes und der groben Fahrl\u00e4ssigkeit beschr\u00e4nkt. Von dieser Haftungsbeschr\u00e4nkung ausgenommen ist jedoch die Haftung wegen schuldhafter Verletzung des Lebens, des K\u00f6rpers oder der Gesundheit. Ebenso unber\u00fchrt bleibt die zwingende Haftung nach dem Produkthaftungsgesetz, wegen \u00dcbernahme einer Garantie f\u00fcr die Beschaffenheit einer Sache sowie wegen der Verletzung vertragswesentlicher Pflichten.<\/p>\n<p>(2) Von Blumen-Maja gelieferte Keramiken k\u00f6nnen aufgrund ihrer nat\u00fcrlichen Porosit\u00e4t Wasser aufnehmen; sie sind nicht wasserdicht, sondern mehr oder weniger wasserdurchl\u00e4ssig. Blumen-Maja haftet f\u00fcr Sch\u00e4den, die durch aus Keramiken austretendes Wasser entstehen, nur nach Ma\u00dfgabe des Abs. 1.<\/p>\n<p>(3) Von Blumen-Maja gelieferter Auto-\/Fahrzeugschmuck wird nur auf ausdr\u00fccklichen Wunsch des Kunden am Fahrzeug befestigt. Blumen-Maja haftet f\u00fcr Sch\u00e4den am Fahrzeug nur nach Ma\u00dfgabe des Abs. 1.<\/p>\n<p>(4) Blumen-Maja haftet nicht f\u00fcr Sch\u00e4den, die dadurch entstehen, dass angesteckte oder anderweitig angebrachte Ware durch den Kunden oder Dritte unsachgem\u00e4\u00df entfernt wird.<\/p>\n<p><strong>\u00a7<\/strong><strong>10 Eigentumsvorbehalt<\/strong><\/p>\n<p>Bis zur vollst\u00e4ndigen Bezahlung des Kaufpreises bleibt die Ware Eigentum des Inhabers von Blumen-Maja.<\/p>\n<p><strong>\u00a7<\/strong><strong>11 Erf\u00fcllungsort und Gerichtsstand<\/strong><\/p>\n<p>Sofern der Kunde Unternehmer oder eine juristische Person des \u00f6ffentlichen Rechts ist, ist der Sitz von Blumen-Maja Erf\u00fcllungsort f\u00fcr alle vertraglichen Verpflichtungen und Gerichtsstand f\u00fcr s\u00e4mtliche Streitigkeiten aus dem Vertrag.<\/p>\n<p><strong>\u00a7<\/strong><strong>12 Geltungserhaltung<\/strong><\/p>\n<p>F\u00fcr den Fall, dass einzelne Bestimmungen des Vertrages oder dieser Allgemeinen Gesch\u00e4ftsbedingungen unwirksam sind oder werden, ber\u00fchrt dies die Geltung der \u00fcbrigen Regelungen nicht. Anstelle der unwirksamen Regelungen treten die gesetzlichen Regelungen.<\/p>\n<p><strong>\u00a7<\/strong><strong>13 Streitbeilegung<\/strong><\/p>\n<p>Blumen-Maja nimmt an keinem Streitbeilegungsverfahren vor einer Verbraucherschlichtungsstelle im Sinne des VSBG teil. Eine gesetzliche Verpflichtung hierzu besteht nicht.<\/p>\n<p>\u00a9 Fachverband Deutscher Floristen, Stand 07\/2018<\/p>\n<p>[\/vc_column_text][vc_empty_space height=&#8220;55px&#8220;][\/vc_column][\/vc_row][vc_row anchor=&#8220;beautiful&#8220;][vc_column width=&#8220;1\/12&#8243; offset=&#8220;vc_hidden-md vc_hidden-sm vc_hidden-xs&#8220;][\/vc_column][vc_column offset=&#8220;vc_col-lg-11 vc_col-md-12 vc_col-xs-12&#8243;][vc_empty_space height=&#8220;55px&#8220;][vc_column_text][\/vc_column_text][\/vc_column][\/vc_row]<\/p>\n","protected":false},"excerpt":{"rendered":"<p>[vc_row anchor=&#8220;magnificence&#8220;][vc_column width=&#8220;1\/12&#8243; offset=&#8220;vc_hidden-md vc_hidden-sm vc_hidden-xs&#8220;][\/vc_column][vc_column offset=&#8220;vc_col-lg-11 vc_col-md-12 vc_col-xs-12&#8243;][vc_empty_space height=&#8220;55px&#8220;][vc_column_text]Allgemeine Gesch\u00e4fts- und Lieferbedingungen der Florist-Fachgesch\u00e4fte Die Allgemeinen Gesch\u00e4ftsbedingungen, g\u00fcltig f\u00fcr Blumen-Maja, Freiburg. \u00a71 Geltung der Bedingung Lieferungen, Leistungen und Angebote von Blumen-Maja erfolgen ausschlie\u00dflich aufgrund der vorliegenden Gesch\u00e4ftsbedingungen. Abweichende Gesch\u00e4ftsbedingungen [&hellip;]<\/p>\n","protected":false},"author":1,"featured_media":0,"parent":0,"menu_order":0,"comment_status":"closed","ping_status":"closed","template":"","meta":[],"_links":{"self":[{"href":"https:\/\/www.blumen-maja.com\/index.php\/wp-json\/wp\/v2\/pages\/799"}],"collection":[{"href":"https:\/\/www.blumen-maja.com\/index.php\/wp-json\/wp\/v2\/pages"}],"about":[{"href":"https:\/\/www.blumen-maja.com\/index.php\/wp-json\/wp\/v2\/types\/page"}],"author":[{"embeddable":true,"href":"https:\/\/www.blumen-maja.com\/index.php\/wp-json\/wp\/v2\/users\/1"}],"replies":[{"embeddable":true,"href":"https:\/\/www.blumen-maja.com\/index.php\/wp-json\/wp\/v2\/comments?post=799"}],"version-history":[{"count":21,"href":"https:\/\/www.blumen-maja.com\/index.php\/wp-json\/wp\/v2\/pages\/799\/revisions"}],"predecessor-version":[{"id":3429,"href":"https:\/\/www.blumen-maja.com\/index.php\/wp-json\/wp\/v2\/pages\/799\/revisions\/3429"}],"wp:attachment":[{"href":"https:\/\/www.blumen-maja.com\/index.php\/wp-json\/wp\/v2\/media?parent=799"}],"curies":[{"name":"wp","href":"https:\/\/api.w.org\/{rel}","templated":true}]}}