{"id":942,"date":"2018-05-04T11:15:16","date_gmt":"2018-05-04T11:15:16","guid":{"rendered":"http:\/\/fiorello.mikado-themes.com\/?page_id=942"},"modified":"2020-02-20T18:08:29","modified_gmt":"2020-02-20T18:08:29","slug":"about-us","status":"publish","type":"page","link":"https:\/\/www.blumen-maja.com\/index.php\/about-us\/","title":{"rendered":"\u00dcber uns"},"content":{"rendered":"<p>[vc_row row_content_width=&#8220;grid&#8220; css=&#8220;.vc_custom_1526291177080{padding-top: 80px !important;padding-bottom: 120px !important;}&#8220;][vc_column]<div class=\"mkdf-elements-holder   mkdf-two-columns  mkdf-responsive-mode-1024 \" ><div class=\"mkdf-eh-item  mkdf-vertical-alignment-top    \"  data-item-class=\"mkdf-eh-custom-9782\" data-1024-1366=\"0px 10% 0px 0px\" data-768-1024=\"0px 29% 80px 0px\" data-680-768=\"0px 17% 80px 0px\" data-680=\"0px 0% 80px 0px\">\n\t<div class=\"mkdf-eh-item-background-image\" ><\/div>\n        <div class=\"mkdf-eh-item-inner\">\n\t\t<div class=\"mkdf-eh-item-content mkdf-eh-custom-9782\" style=\"padding: 28px 10% 0px 0px\">\n\t\t\t<div class=\"mkdf-section-title-holder  mkdf-st-disable-title-break mkdf-st-subtitle-pos-under\" >\n\t<div class=\"mkdf-st-inner\">\n\t\t\t\t\t\t\t<h2 class=\"mkdf-st-title\" >\n\t\t\t\tWir nehmen <span class=\"mkdf-st-title-highlight\">Blumen<\/span> pers\u00f6nlich<br \/> &amp; Wir bringen dir Gl\u00fcck\t\t\t<\/h2>\n\t\t                    <h5 class=\"mkdf-st-subtitle\" >\n                Was macht uns einzigartig?            <\/h5>\n        \t\t\t\t\t<p class=\"mkdf-st-text\" style=\"font-size: 17px;line-height: 29px;margin-top: 27px\">\n\t\t\t\tUnser Blumengesch\u00e4ft auf dem Friedrich-Ebert-Platz in Freiburg bietet individuelle Str\u00e4u\u00dfe, Blumenarrangements, frische Blumen und einen freundlichen Service. Selbstverst\u00e4ndlich beraten wir Sie auch zu speziellen Anl\u00e4ssen. Wir sorgen f\u00fcr Ihren Blumenschmuck zu jeder Gelegenheit.<br \/>\nAuf unserer Website finden Sie unter ``Service`` vielf\u00e4ltige Angebote und Dienstleistungen. Au\u00dferdem laden wir Sie dazu ein, sich in unserer Bildergalerie schon einmal einen ersten Eindruck von unserer Blumen- und Ideenvielfalt zu machen.<br \/>\nBesser - Sie \u00fcberzeugen sich selbst und schauen einmal bei uns vorbei.<br \/>\nWir freuen uns auf Ihren Besuch!<br \/>\nIhr Team von Blumen-Maja\t\t\t<\/p>\n\t\t\t<\/div>\n<\/div>[vc_empty_space height=&#8220;42px&#8220;]<div class=\"mkdf-single-image-holder   \">\n    <div class=\"mkdf-si-inner\" >\n                                    <img width=\"215\" height=\"96\" src=\"https:\/\/www.blumen-maja.com\/wp-content\/uploads\/2020\/02\/landing-shop.png\" class=\"attachment-full size-full\" alt=\"Maja Signature\" loading=\"lazy\" \/>                        <\/div>\n<\/div>\t\t<\/div>\n\t<\/div>\n<\/div><div class=\"mkdf-eh-item      \"  data-item-class=\"mkdf-eh-custom-5114\">\n\t<div class=\"mkdf-eh-item-background-image\" ><\/div>\n        <div class=\"mkdf-eh-item-inner\">\n\t\t<div class=\"mkdf-eh-item-content mkdf-eh-custom-5114\" style=\"padding: 0 0 0 0\">\n\t\t\t<div class=\"mkdf-video-button-holder  mkdf-vb-has-img\">\n\t<div class=\"mkdf-video-button-image\">\n\t\t<img width=\"800\" height=\"518\" src=\"https:\/\/www.blumen-maja.com\/wp-content\/uploads\/2018\/04\/h3-video-img.jpg\" class=\"attachment-full size-full\" alt=\"a\" loading=\"lazy\" srcset=\"https:\/\/www.blumen-maja.com\/wp-content\/uploads\/2018\/04\/h3-video-img.jpg 800w, https:\/\/www.blumen-maja.com\/wp-content\/uploads\/2018\/04\/h3-video-img-600x389.jpg 600w, https:\/\/www.blumen-maja.com\/wp-content\/uploads\/2018\/04\/h3-video-img-300x194.jpg 300w, https:\/\/www.blumen-maja.com\/wp-content\/uploads\/2018\/04\/h3-video-img-768x497.jpg 768w\" sizes=\"(max-width: 800px) 100vw, 800px\" \/>\t<\/div>\n\t\t\t<a class=\"mkdf-video-button-play\"  href=\"https:\/\/www.youtube.com\/watch?v=K-0cjGCNYfs\" target=\"_self\" data-rel=\"prettyPhoto[video_button_pretty_photo_885]\">\n\t\t\t<span class=\"mkdf-video-button-play-inner\">\n\t\t\t\t<span class=\"mkdf-video-button-outer\">\n\t\t\t\t\t<span class=\"arrow_triangle-right\"><\/span>\n\t\t\t\t<\/span>\n\t\t\t\t\n\t\t\t<\/span>\n\t\t<\/a>\n\t<\/div>\t\t<\/div>\n\t<\/div>\n<\/div><\/div>[\/vc_column][\/vc_row][vc_row css=&#8220;.vc_custom_1526291277718{padding-top: 98px !important;padding-bottom: 40px !important;}&#8220; simple_background_color=&#8220;#f8f8f8&#8243;][vc_column][vc_row_inner row_content_width=&#8220;grid&#8220; content_text_aligment=&#8220;center&#8220; css=&#8220;.vc_custom_1525433824560{padding-bottom: 63px !important;}&#8220;][vc_column_inner offset=&#8220;vc_col-lg-offset-3 vc_col-lg-6 vc_col-md-offset-1 vc_col-md-10&#8243;]<div class=\"mkdf-section-title-holder   mkdf-st-subtitle-pos-under\" >\n\t<div class=\"mkdf-st-inner\">\n\t\t\t\t\t\t\t<h2 class=\"mkdf-st-title\" >\n\t\t\t\tUnser Team\t\t\t<\/h2>\n\t\t        \t\t\t\t\t<p class=\"mkdf-st-text\" style=\"font-size: 17px;line-height: 29px\">\n\t\t\t\tEine perfekte Mischung aus Kreativit\u00e4t, Energie, Kommunikation, Gl\u00fcck und Liebe. Lassen Sie sich von uns ein L\u00e4cheln schenken.\t\t\t<\/p>\n\t\t\t<\/div>\n<\/div>[\/vc_column_inner][\/vc_row_inner][vc_row_inner row_content_width=&#8220;grid&#8220;][vc_column_inner width=&#8220;1\/3&#8243;]<div class=\"mkdf-team-holder mkdf-team-info-below-image\">\n\t<div class=\"mkdf-team-inner\">\n\t\t\t\t\t<div class=\"mkdf-team-image\">\n                <img width=\"222\" height=\"222\" src=\"https:\/\/www.blumen-maja.com\/wp-content\/uploads\/2020\/02\/Jana.png\" class=\"attachment-full size-full\" alt=\"The Manager\" loading=\"lazy\" srcset=\"https:\/\/www.blumen-maja.com\/wp-content\/uploads\/2020\/02\/Jana.png 222w, https:\/\/www.blumen-maja.com\/wp-content\/uploads\/2020\/02\/Jana-100x100.png 100w, https:\/\/www.blumen-maja.com\/wp-content\/uploads\/2020\/02\/Jana-150x150.png 150w\" sizes=\"(max-width: 222px) 100vw, 222px\" \/>\t\t\t<\/div>\n\t\t\t\t<div class=\"mkdf-team-info\">\n\t\t\t\t\t\t\t<h6 class=\"mkdf-team-name\" >Jana<\/h6>\n\t\t\t\t\t\t\t\t\t\t<span class=\"mkdf-team-position\" >Inhaberin<\/span>\n\t\t\t\t\t\t\t\t\t\t\t<\/div>\n\t<\/div>\n<\/div>[vc_empty_space height=&#8220;68px&#8220;][\/vc_column_inner][vc_column_inner width=&#8220;1\/3&#8243; offset=&#8220;vc_col-md-4&#8243;]<div class=\"mkdf-team-holder mkdf-team-info-below-image\">\n\t<div class=\"mkdf-team-inner\">\n\t\t\t\t\t<div class=\"mkdf-team-image\">\n                <img width=\"222\" height=\"222\" src=\"https:\/\/www.blumen-maja.com\/wp-content\/uploads\/2020\/02\/Sophia-1.png\" class=\"attachment-full size-full\" alt=\"\" loading=\"lazy\" srcset=\"https:\/\/www.blumen-maja.com\/wp-content\/uploads\/2020\/02\/Sophia-1.png 222w, https:\/\/www.blumen-maja.com\/wp-content\/uploads\/2020\/02\/Sophia-1-150x150.png 150w, https:\/\/www.blumen-maja.com\/wp-content\/uploads\/2020\/02\/Sophia-1-100x100.png 100w\" sizes=\"(max-width: 222px) 100vw, 222px\" \/>\t\t\t<\/div>\n\t\t\t\t<div class=\"mkdf-team-info\">\n\t\t\t\t\t\t\t<h6 class=\"mkdf-team-name\" >Sophia<\/h6>\n\t\t\t\t\t\t\t\t\t\t<span class=\"mkdf-team-position\" >Floristin<\/span>\n\t\t\t\t\t\t\t\t\t\t\t<\/div>\n\t<\/div>\n<\/div>[vc_empty_space height=&#8220;68px&#8220;][\/vc_column_inner][vc_column_inner width=&#8220;1\/3&#8243;]<div class=\"mkdf-team-holder mkdf-team-info-below-image\">\n\t<div class=\"mkdf-team-inner\">\n\t\t\t\t\t<div class=\"mkdf-team-image\">\n                <img width=\"222\" height=\"222\" src=\"https:\/\/www.blumen-maja.com\/wp-content\/uploads\/2020\/02\/Susanna.png\" class=\"attachment-full size-full\" alt=\"Florist\" loading=\"lazy\" srcset=\"https:\/\/www.blumen-maja.com\/wp-content\/uploads\/2020\/02\/Susanna.png 222w, https:\/\/www.blumen-maja.com\/wp-content\/uploads\/2020\/02\/Susanna-100x100.png 100w, https:\/\/www.blumen-maja.com\/wp-content\/uploads\/2020\/02\/Susanna-150x150.png 150w\" sizes=\"(max-width: 222px) 100vw, 222px\" \/>\t\t\t<\/div>\n\t\t\t\t<div class=\"mkdf-team-info\">\n\t\t\t\t\t\t\t<h6 class=\"mkdf-team-name\" >Susanna<\/h6>\n\t\t\t\t\t\t\t\t\t\t<span class=\"mkdf-team-position\" >Floristin<\/span>\n\t\t\t\t\t\t\t\t\t\t\t<\/div>\n\t<\/div>\n<\/div>[vc_empty_space height=&#8220;68px&#8220;][\/vc_column_inner][\/vc_row_inner][\/vc_column][\/vc_row][vc_row row_content_width=&#8220;grid&#8220; css=&#8220;.vc_custom_1526292063574{padding-top: 85px !important;padding-bottom: 72px !important;}&#8220;][vc_column offset=&#8220;vc_col-lg-offset-2 vc_col-lg-8&#8243;]<div class=\"mkdf-testimonials-holder mkdf-testimonials-standard  clearfix\"><div class=\"mkdf-testimonials mkdf-owl-slider\" data-number-of-items=\"1\" data-enable-autoplay=\"yes\" data-slider-speed=\"5000\" data-slider-speed-animation=\"600\" data-enable-navigation=\"yes\" data-enable-pagination=\"no\"><div class=\"mkdf-testimonial-content\" id=\"mkdf-testimonials-62\">\n\t\t\t<div class=\"mkdf-testimonial-image\">\n\t\t\t<img width=\"87\" height=\"87\" src=\"https:\/\/www.blumen-maja.com\/wp-content\/uploads\/2018\/04\/Abdalla.png\" class=\"attachment-87x87 size-87x87 wp-post-image\" alt=\"\" loading=\"lazy\" \/>\t\t<\/div>\n\t\t<div class=\"mkdf-testimonial-text-holder\">\n\t\t\t\t\t\t\t<p class=\"mkdf-testimonial-text\">Ich kaufe gerne bei Blumen-Maja, weil ich hier kompetent und freundlich beraten werde.<\/p>\n\t\t\t\t\t\t\t<span class=\"mkdf-testimonial-author\">\n\t\t\t\t<span class=\"mkdf-testimonials-author-name\">Abdalla<\/span>\n\t\t\t\t\t\t\t<\/span>\n\t\t\t<\/div>\n\t\n<\/div><div class=\"mkdf-testimonial-content\" id=\"mkdf-testimonials-8\">\n\t\t\t<div class=\"mkdf-testimonial-image\">\n\t\t\t<img width=\"87\" height=\"87\" src=\"https:\/\/www.blumen-maja.com\/wp-content\/uploads\/2018\/04\/Hans.png\" class=\"attachment-87x87 size-87x87 wp-post-image\" alt=\"\" loading=\"lazy\" \/>\t\t<\/div>\n\t\t<div class=\"mkdf-testimonial-text-holder\">\n\t\t\t\t\t\t\t<p class=\"mkdf-testimonial-text\">Blumen Maja geht individuell auf meine W\u00fcnsche ein und treffen immer meinen Geschmack. <\/p>\n\t\t\t\t\t\t\t<span class=\"mkdf-testimonial-author\">\n\t\t\t\t<span class=\"mkdf-testimonials-author-name\">Hans-Peter<\/span>\n\t\t\t\t\t\t\t<\/span>\n\t\t\t<\/div>\n\t\n<\/div><\/div><\/div>[\/vc_column][\/vc_row]<\/p>\n","protected":false},"excerpt":{"rendered":"<p>[vc_row row_content_width=&#8220;grid&#8220; css=&#8220;.vc_custom_1526291177080{padding-top: 80px !important;padding-bottom: 120px !important;}&#8220;][vc_column][\/vc_column][\/vc_row][vc_row css=&#8220;.vc_custom_1526291277718{padding-top: 98px !important;padding-bottom: 40px !important;}&#8220; simple_background_color=&#8220;#f8f8f8&#8243;][vc_column][vc_row_inner row_content_width=&#8220;grid&#8220; content_text_aligment=&#8220;center&#8220; css=&#8220;.vc_custom_1525433824560{padding-bottom: 63px !important;}&#8220;][vc_column_inner offset=&#8220;vc_col-lg-offset-3 vc_col-lg-6 vc_col-md-offset-1 vc_col-md-10&#8243;][\/vc_column_inner][\/vc_row_inner][vc_row_inner row_content_width=&#8220;grid&#8220;][vc_column_inner width=&#8220;1\/3&#8243;][vc_empty_space height=&#8220;68px&#8220;][\/vc_column_inner][vc_column_inner width=&#8220;1\/3&#8243; offset=&#8220;vc_col-md-4&#8243;][vc_empty_space height=&#8220;68px&#8220;][\/vc_column_inner][vc_column_inner width=&#8220;1\/3&#8243;][vc_empty_space height=&#8220;68px&#8220;][\/vc_column_inner][\/vc_row_inner][\/vc_column][\/vc_row][vc_row row_content_width=&#8220;grid&#8220; css=&#8220;.vc_custom_1526292063574{padding-top: 85px !important;padding-bottom: 72px !important;}&#8220;][vc_column offset=&#8220;vc_col-lg-offset-2 vc_col-lg-8&#8243;][\/vc_column][\/vc_row]<\/p>\n","protected":false},"author":1,"featured_media":0,"parent":0,"menu_order":0,"comment_status":"closed","ping_status":"closed","template":"full-width.php","meta":[],"_links":{"self":[{"href":"https:\/\/www.blumen-maja.com\/index.php\/wp-json\/wp\/v2\/pages\/942"}],"collection":[{"href":"https:\/\/www.blumen-maja.com\/index.php\/wp-json\/wp\/v2\/pages"}],"about":[{"href":"https:\/\/www.blumen-maja.com\/index.php\/wp-json\/wp\/v2\/types\/page"}],"author":[{"embeddable":true,"href":"https:\/\/www.blumen-maja.com\/index.php\/wp-json\/wp\/v2\/users\/1"}],"replies":[{"embeddable":true,"href":"https:\/\/www.blumen-maja.com\/index.php\/wp-json\/wp\/v2\/comments?post=942"}],"version-history":[{"count":25,"href":"https:\/\/www.blumen-maja.com\/index.php\/wp-json\/wp\/v2\/pages\/942\/revisions"}],"predecessor-version":[{"id":3233,"href":"https:\/\/www.blumen-maja.com\/index.php\/wp-json\/wp\/v2\/pages\/942\/revisions\/3233"}],"wp:attachment":[{"href":"https:\/\/www.blumen-maja.com\/index.php\/wp-json\/wp\/v2\/media?parent=942"}],"curies":[{"name":"wp","href":"https:\/\/api.w.org\/{rel}","templated":true}]}}