{"id":319,"date":"2018-04-27T12:56:23","date_gmt":"2018-04-27T12:56:23","guid":{"rendered":"http:\/\/fiorello.mikado-themes.com\/?post_type=product&#038;p=319"},"modified":"2022-01-30T17:04:21","modified_gmt":"2022-01-30T17:04:21","slug":"rock-soapwort","status":"publish","type":"product","link":"https:\/\/www.blumen-maja.com\/index.php\/product\/rock-soapwort\/","title":{"rendered":"Hochzeitsstrau\u00df &#8222;Wahre Liebe&#8220;"},"content":{"rendered":"<p>[vc_row][vc_column]<div class=\"mkdf-section-title-holder   mkdf-st-subtitle-pos-under\" >\n\t<div class=\"mkdf-st-inner\">\n\t\t\t\t\t\t\t<h3 class=\"mkdf-st-title\" >\n\t\t\t\tHochzeitsstrau\u00df Wahre Liebe\t\t\t<\/h3>\n\t\t        \t\t\t\t\t<p class=\"mkdf-st-text\" >\n\t\t\t\tF\u00fcr den sch\u00f6nsten Tag im Leben ein Blumenstrau\u00df in Pastell Farben.\t\t\t<\/p>\n\t\t\t<\/div>\n<\/div>[\/vc_column][\/vc_row]<\/p>\n","protected":false},"excerpt":{"rendered":"<p>Hochzeitsstrau\u00df &#8222;Wahre Liebe&#8220; f\u00fcr den sch\u00f6nsten Tag im Leben ein Blumenstrau\u00df in Pastell Farben.<\/p>\n","protected":false},"featured_media":3227,"template":"","meta":[],"product_cat":[114,85],"product_tag":[140,62],"_links":{"self":[{"href":"https:\/\/www.blumen-maja.com\/index.php\/wp-json\/wp\/v2\/product\/319"}],"collection":[{"href":"https:\/\/www.blumen-maja.com\/index.php\/wp-json\/wp\/v2\/product"}],"about":[{"href":"https:\/\/www.blumen-maja.com\/index.php\/wp-json\/wp\/v2\/types\/product"}],"wp:featuredmedia":[{"embeddable":true,"href":"https:\/\/www.blumen-maja.com\/index.php\/wp-json\/wp\/v2\/media\/3227"}],"wp:attachment":[{"href":"https:\/\/www.blumen-maja.com\/index.php\/wp-json\/wp\/v2\/media?parent=319"}],"wp:term":[{"taxonomy":"product_cat","embeddable":true,"href":"https:\/\/www.blumen-maja.com\/index.php\/wp-json\/wp\/v2\/product_cat?post=319"},{"taxonomy":"product_tag","embeddable":true,"href":"https:\/\/www.blumen-maja.com\/index.php\/wp-json\/wp\/v2\/product_tag?post=319"}],"curies":[{"name":"wp","href":"https:\/\/api.w.org\/{rel}","templated":true}]}}