{"id":3370,"date":"2021-02-02T16:41:53","date_gmt":"2021-02-02T16:41:53","guid":{"rendered":"https:\/\/www.blumen-maja.com\/?post_type=product&#038;p=3370"},"modified":"2022-05-03T06:52:07","modified_gmt":"2022-05-03T06:52:07","slug":"blumenstraus-valentin-sl","status":"publish","type":"product","link":"https:\/\/www.blumen-maja.com\/index.php\/product\/blumenstraus-valentin-sl\/","title":{"rendered":"Blumenstrau\u00df &#8222;Malaga&#8220;"},"content":{"rendered":"<p>[vc_column]<div class=\"mkdf-section-title-holder   mkdf-st-subtitle-pos-under\" >\n\t<div class=\"mkdf-st-inner\">\n\t\t\t\t\t\t\t<h3 class=\"mkdf-st-title\" >\n\t\t\t\tBlumenstrau\u00df Malaga\t\t\t<\/h3>\n\t\t        \t\t\t\t\t<p class=\"mkdf-st-text\" >\n\t\t\t\tBlumenstrau\u00df mit 20 Rosen und Gr\u00fcn \t\t\t<\/p>\n\t\t\t<\/div>\n<\/div>[\/vc_column]<\/p>\n","protected":false},"excerpt":{"rendered":"<p>Blumenstrau\u00df &#8222;Malaga&#8220; Blumenstrau\u00df mit 20 Rosen und Gr\u00fcn<\/p>\n","protected":false},"featured_media":3371,"template":"","meta":[],"product_cat":[114,86,79],"product_tag":[62],"_links":{"self":[{"href":"https:\/\/www.blumen-maja.com\/index.php\/wp-json\/wp\/v2\/product\/3370"}],"collection":[{"href":"https:\/\/www.blumen-maja.com\/index.php\/wp-json\/wp\/v2\/product"}],"about":[{"href":"https:\/\/www.blumen-maja.com\/index.php\/wp-json\/wp\/v2\/types\/product"}],"wp:featuredmedia":[{"embeddable":true,"href":"https:\/\/www.blumen-maja.com\/index.php\/wp-json\/wp\/v2\/media\/3371"}],"wp:attachment":[{"href":"https:\/\/www.blumen-maja.com\/index.php\/wp-json\/wp\/v2\/media?parent=3370"}],"wp:term":[{"taxonomy":"product_cat","embeddable":true,"href":"https:\/\/www.blumen-maja.com\/index.php\/wp-json\/wp\/v2\/product_cat?post=3370"},{"taxonomy":"product_tag","embeddable":true,"href":"https:\/\/www.blumen-maja.com\/index.php\/wp-json\/wp\/v2\/product_tag?post=3370"}],"curies":[{"name":"wp","href":"https:\/\/api.w.org\/{rel}","templated":true}]}}