{"id":3373,"date":"2021-02-02T16:48:17","date_gmt":"2021-02-02T16:48:17","guid":{"rendered":"https:\/\/www.blumen-maja.com\/?post_type=product&#038;p=3373"},"modified":"2022-02-20T17:51:41","modified_gmt":"2022-02-20T17:51:41","slug":"blumenstraus-valentin-l","status":"publish","type":"product","link":"https:\/\/www.blumen-maja.com\/index.php\/product\/blumenstraus-valentin-l\/","title":{"rendered":"Blumenstrau\u00df &#8222;Valencia&#8220;"},"content":{"rendered":"<p>[vc_row][vc_column]<div class=\"mkdf-section-title-holder   mkdf-st-subtitle-pos-under\" >\n\t<div class=\"mkdf-st-inner\">\n\t\t\t\t\t\t\t<h3 class=\"mkdf-st-title\" >\n\t\t\t\tBlumenstrau\u00df Valencia\t\t\t<\/h3>\n\t\t        \t\t\t\t\t<p class=\"mkdf-st-text\" >\n\t\t\t\tBlumenstrau\u00df mit 15 Rosen und Gr\u00fcn\t\t\t<\/p>\n\t\t\t<\/div>\n<\/div>[\/vc_column][\/vc_row]<\/p>\n","protected":false},"excerpt":{"rendered":"<p>Blumenstrau\u00df &#8222;Valencia&#8220; Blumenstrau\u00df mit 15 Rosen und Gr\u00fcn.<\/p>\n","protected":false},"featured_media":3374,"template":"","meta":[],"product_cat":[114,86,79],"product_tag":[62],"_links":{"self":[{"href":"https:\/\/www.blumen-maja.com\/index.php\/wp-json\/wp\/v2\/product\/3373"}],"collection":[{"href":"https:\/\/www.blumen-maja.com\/index.php\/wp-json\/wp\/v2\/product"}],"about":[{"href":"https:\/\/www.blumen-maja.com\/index.php\/wp-json\/wp\/v2\/types\/product"}],"wp:featuredmedia":[{"embeddable":true,"href":"https:\/\/www.blumen-maja.com\/index.php\/wp-json\/wp\/v2\/media\/3374"}],"wp:attachment":[{"href":"https:\/\/www.blumen-maja.com\/index.php\/wp-json\/wp\/v2\/media?parent=3373"}],"wp:term":[{"taxonomy":"product_cat","embeddable":true,"href":"https:\/\/www.blumen-maja.com\/index.php\/wp-json\/wp\/v2\/product_cat?post=3373"},{"taxonomy":"product_tag","embeddable":true,"href":"https:\/\/www.blumen-maja.com\/index.php\/wp-json\/wp\/v2\/product_tag?post=3373"}],"curies":[{"name":"wp","href":"https:\/\/api.w.org\/{rel}","templated":true}]}}